{"id":1395,"date":"2026-04-12T21:56:39","date_gmt":"2026-04-12T19:56:39","guid":{"rendered":"https:\/\/www.dopravnihristeprosek.cz\/?page_id=1395"},"modified":"2026-04-12T22:15:12","modified_gmt":"2026-04-12T20:15:12","slug":"aktualni-provozni-doba","status":"publish","type":"page","link":"https:\/\/www.dopravnihristeprosek.cz\/?page_id=1395","title":{"rendered":"Aktu\u00e1ln\u00ed provozn\u00ed doba"},"content":{"rendered":"<div style=\"overflow-x:auto; width:100%;\">\n  <iframe\n    title=\"Aktu\u00e1ln\u00ed provozn\u00ed doba\"\n    src=\"https:\/\/docs.google.com\/spreadsheets\/d\/e\/2PACX-1vTP1j7aj9RzwTxoDV6aJ9HvlnwKJofEwDXJojHgBqKgJWAnRsO9mK1cRXnSWYrcdQ\/pubhtml?gid=1853120095&#038;single=true\"\n    style=\"\n      width:900px;\n      height:900px;\n      border:none;\n    \"><br \/>\n  <\/iframe>\n<\/div>\n","protected":false},"excerpt":{"rendered":"","protected":false},"author":1,"featured_media":0,"parent":0,"menu_order":0,"comment_status":"closed","ping_status":"closed","template":"","meta":{"footnotes":""},"class_list":["post-1395","page","type-page","status-publish"],"_links":{"self":[{"href":"https:\/\/www.dopravnihristeprosek.cz\/index.php?rest_route=\/wp\/v2\/pages\/1395","targetHints":{"allow":["GET"]}}],"collection":[{"href":"https:\/\/www.dopravnihristeprosek.cz\/index.php?rest_route=\/wp\/v2\/pages"}],"about":[{"href":"https:\/\/www.dopravnihristeprosek.cz\/index.php?rest_route=\/wp\/v2\/types\/page"}],"author":[{"embeddable":true,"href":"https:\/\/www.dopravnihristeprosek.cz\/index.php?rest_route=\/wp\/v2\/users\/1"}],"replies":[{"embeddable":true,"href":"https:\/\/www.dopravnihristeprosek.cz\/index.php?rest_route=%2Fwp%2Fv2%2Fcomments&post=1395"}],"version-history":[{"count":18,"href":"https:\/\/www.dopravnihristeprosek.cz\/index.php?rest_route=\/wp\/v2\/pages\/1395\/revisions"}],"predecessor-version":[{"id":1414,"href":"https:\/\/www.dopravnihristeprosek.cz\/index.php?rest_route=\/wp\/v2\/pages\/1395\/revisions\/1414"}],"wp:attachment":[{"href":"https:\/\/www.dopravnihristeprosek.cz\/index.php?rest_route=%2Fwp%2Fv2%2Fmedia&parent=1395"}],"curies":[{"name":"wp","href":"https:\/\/api.w.org\/{rel}","templated":true}]}}