{"id":15,"date":"2022-05-07T09:14:49","date_gmt":"2022-05-07T07:14:49","guid":{"rendered":"https:\/\/wp.dopravnihristeprosek.cz\/?page_id=15"},"modified":"2025-03-23T17:33:52","modified_gmt":"2025-03-23T16:33:52","slug":"uvodni-stranka","status":"publish","type":"page","link":"https:\/\/www.dopravnihristeprosek.cz\/","title":{"rendered":"\u00davodn\u00ed str\u00e1nka"},"content":{"rendered":"<p>Dne 30.4.2026 otev\u0159eno od 15:00 do 18:00 hod. Mince 10,20,50 a bankovky 100 K\u010d v\u00edt\u00e1ny.<\/p>","protected":false},"excerpt":{"rendered":"<p>Dne 30.4.2026 otev\u0159eno od 15:00 do 18:00 hod. Mince 10,20,50 a bankovky 100 K\u010d v\u00edt\u00e1ny.<\/p>","protected":false},"author":1,"featured_media":0,"parent":0,"menu_order":0,"comment_status":"closed","ping_status":"closed","template":"","meta":{"footnotes":""},"class_list":["post-15","page","type-page","status-publish"],"_links":{"self":[{"href":"https:\/\/www.dopravnihristeprosek.cz\/index.php?rest_route=\/wp\/v2\/pages\/15","targetHints":{"allow":["GET"]}}],"collection":[{"href":"https:\/\/www.dopravnihristeprosek.cz\/index.php?rest_route=\/wp\/v2\/pages"}],"about":[{"href":"https:\/\/www.dopravnihristeprosek.cz\/index.php?rest_route=\/wp\/v2\/types\/page"}],"author":[{"embeddable":true,"href":"https:\/\/www.dopravnihristeprosek.cz\/index.php?rest_route=\/wp\/v2\/users\/1"}],"replies":[{"embeddable":true,"href":"https:\/\/www.dopravnihristeprosek.cz\/index.php?rest_route=%2Fwp%2Fv2%2Fcomments&post=15"}],"version-history":[{"count":91,"href":"https:\/\/www.dopravnihristeprosek.cz\/index.php?rest_route=\/wp\/v2\/pages\/15\/revisions"}],"predecessor-version":[{"id":1072,"href":"https:\/\/www.dopravnihristeprosek.cz\/index.php?rest_route=\/wp\/v2\/pages\/15\/revisions\/1072"}],"wp:attachment":[{"href":"https:\/\/www.dopravnihristeprosek.cz\/index.php?rest_route=%2Fwp%2Fv2%2Fmedia&parent=15"}],"curies":[{"name":"wp","href":"https:\/\/api.w.org\/{rel}","templated":true}]}}