{"id":24,"date":"2022-05-07T09:27:30","date_gmt":"2022-05-07T07:27:30","guid":{"rendered":"https:\/\/wp.dopravnihristeprosek.cz\/?page_id=24"},"modified":"2025-03-23T17:47:11","modified_gmt":"2025-03-23T16:47:11","slug":"cenik","status":"publish","type":"page","link":"https:\/\/www.dopravnihristeprosek.cz\/?page_id=24","title":{"rendered":"Cen\u00edk"},"content":{"rendered":"\t\t<div data-elementor-type=\"wp-page\" data-elementor-id=\"24\" class=\"elementor elementor-24\">\n\t\t\t\t\t\t<section class=\"elementor-section elementor-top-section elementor-element elementor-element-8e314f5 elementor-section-boxed elementor-section-height-default elementor-section-height-default\" data-id=\"8e314f5\" data-element_type=\"section\" data-e-type=\"section\">\n\t\t\t\t\t\t<div class=\"elementor-container elementor-column-gap-default\">\n\t\t\t\t\t<div class=\"elementor-column elementor-col-50 elementor-top-column elementor-element elementor-element-1a47063\" data-id=\"1a47063\" data-element_type=\"column\" data-e-type=\"column\">\n\t\t\t<div class=\"elementor-widget-wrap elementor-element-populated\">\n\t\t\t\t\t\t<div class=\"elementor-element elementor-element-9fb8e50 elementor-widget elementor-widget-text-editor\" data-id=\"9fb8e50\" data-element_type=\"widget\" data-e-type=\"widget\" data-widget_type=\"text-editor.default\">\n\t\t\t\t<div class=\"elementor-widget-container\">\n\t\t\t\t\t\t\t\t\t<h2><b>Vstupn\u00e9:<\/b><\/h2><table border=\"1\"><tbody><tr><td valign=\"top\" width=\"182\">30,- K\u010d<\/td><td valign=\"top\" width=\"463\">za osobu (1 \u2013 99 let)<\/td><\/tr><tr><td valign=\"top\" width=\"182\">1200,- K\u010d \/ hod. + p\u016fj\u010dovn\u00e9<\/td><td valign=\"top\" width=\"463\">skupina \u2013 organizovan\u00e1 v\u00fduka (pouze na objedn\u00e1n\u00ed)<\/td><\/tr><tr><td valign=\"top\" width=\"182\">3000,- K\u010d \/ 60 min.<\/td><td valign=\"top\" width=\"463\">nat\u00e1\u010den\u00ed spot\u016f a \u017eurnalistick\u00e9 aktivity<\/td><\/tr><tr><td valign=\"top\" width=\"182\">700,- K\u010d \/ 45 min.<\/td><td valign=\"top\" width=\"463\">M\u0160, Z\u0160 nez\u0159izovan\u00e9 M\u010c P9 (pouze na objedn\u00e1n\u00ed)<\/td><\/tr><\/tbody><\/table><p>Nat\u00e1\u010den\u00ed spot\u016f a \u017eurnalistick\u00e9 aktivity \u2013 pouze po dohod\u011b se z\u0159izovatelem.<\/p><p>Upozorn\u011bn\u00ed: Jedna dosp\u011bl\u00e1 osoba (18-99 let) m\u016f\u017ee doprov\u00e1zet max. 4 d\u011bti, jinak se jedn\u00e1 o skupinu, tud\u00ed\u017e o organizovanou v\u00fduku.<\/p><h2><b>P\u016fj\u010dovn\u00e9:<\/b><\/h2><table border=\"1\"><tbody><tr><td valign=\"top\">zap\u016fj\u010den\u00ed kola 30,- K\u010d \/ hod<\/td><\/tr><tr><td valign=\"top\">zap\u016fj\u010den\u00ed elektrick\u00fdch voz\u00edtek 150,- K\u010d \/ hod (nosnost max. 30 kg)<\/td><\/tr><tr><td valign=\"top\">zap\u016fj\u010den\u00ed \u0161lapac\u00edch voz\u00edtek 100,- K\u010d \/ hod<\/td><\/tr><tr><td valign=\"top\">zap\u016fj\u010den\u00ed ochrann\u00fdch pom\u016fcek samostatn\u011b 20,- K\u010d \/ hod<\/td><\/tr><\/tbody><\/table><p><b>Upozorn\u011bn\u00ed:<\/b><\/p><ul><li>v\u00fdm\u011bna voz\u00edtek pouze za shodn\u00fd typ a velikost, jinak se \u00fa\u010dtuje nov\u00e1 pln\u00e1 cena za zap\u016fj\u010den\u00ed.<\/li><li>p\u0159i vr\u00e1cen\u00ed voz\u00edtek po krat\u0161\u00ed dob\u011b se pen\u00edze nevrac\u00ed.<\/li><li>p\u0159i p\u0159ekro\u010den\u00ed nad 5 minut v\u00fdp\u016fj\u010dn\u00ed doby dopravn\u00edch prost\u0159edk\u016f bude \u00fa\u010dtov\u00e1na ve v\u00fd\u0161i p\u016fj\u010dovn\u00e9ho za hodinu.<\/li><\/ul><h2><b>Z\u00e1loha:<\/b><\/h2><table border=\"1\" cellspacing=\"0\" cellpadding=\"0\"><tbody><tr><td valign=\"top\" width=\"614\"><p>Z\u00e1loha za p\u016fj\u010den\u00ed v\u011bc\u00ed bude pou\u017eita pro p\u0159\u00edpadn\u00e9 po\u0161kozen\u00ed sv\u011b\u0159en\u00fdch v\u011bc\u00ed (v\u011bt\u0161\u00ed ne\u017e je jejich b\u011b\u017en\u00e1 amortizace) nebo jejich ztr\u00e1tu:<\/p><ul><li>z\u00e1loha na samostatnou v\u00fdp\u016fj\u010dku p\u0159ilby 100,- K\u010d<\/li><li>z\u00e1loha na v\u00fdp\u016fj\u010dku kola a \u0161lapac\u00edho voz\u00edtka 300,- K\u010d<\/li><li>z\u00e1loha na v\u00fdp\u016fj\u010dku elektrick\u00e9ho voz\u00edtka 500,- K\u010d<\/li><\/ul><\/td><\/tr><\/tbody><\/table>\t\t\t\t\t\t\t\t<\/div>\n\t\t\t\t<\/div>\n\t\t\t\t\t<\/div>\n\t\t<\/div>\n\t\t\t\t<div class=\"elementor-column elementor-col-50 elementor-top-column elementor-element elementor-element-55c7a14\" data-id=\"55c7a14\" data-element_type=\"column\" data-e-type=\"column\">\n\t\t\t<div class=\"elementor-widget-wrap elementor-element-populated\">\n\t\t\t\t\t\t<div class=\"elementor-element elementor-element-63032cb elementor-widget elementor-widget-text-editor\" data-id=\"63032cb\" data-element_type=\"widget\" data-e-type=\"widget\" data-widget_type=\"text-editor.default\">\n\t\t\t\t<div class=\"elementor-widget-container\">\n\t\t\t\t\t\t\t\t\t<h2><b>Entrance fee<\/b><b>:<\/b><\/h2><table border=\"1\"><tbody><tr><td valign=\"top\" width=\"182\">30,- CZK<\/td><td valign=\"top\" width=\"463\">per person (1 \u2013 99 years)<\/td><\/tr><tr><td valign=\"top\" width=\"182\">1200,- CZK \/ hour + lending fee<\/td><td valign=\"top\" width=\"463\">group \u2013 organized lesson (needs to be ordered in advance)<\/td><\/tr><tr><td valign=\"top\" width=\"182\">3000,- CZK \/ 60 min.<\/td><td valign=\"top\" width=\"463\">shooting spots and journalistic activities<\/td><\/tr><tr><td valign=\"top\" width=\"182\">700,- CZK \/ 45 min.<\/td><td valign=\"top\" width=\"463\">kindergartens, primary schools not established by Prague 9 Municipality (needs to be ordered in advance)<\/td><\/tr><\/tbody><\/table><p>Shooting spots and journalistic activities \u2013 only after agreement with the founder.<\/p><p>Notice: One adult (18-99 years) may be accompanied by a maximum of 4 children otherwise it is a group which means organized lesson.<\/p><h2><b>Lending fee:<\/b><\/h2><table border=\"1\"><tbody><tr><td valign=\"top\">bike rental 30,- CZK \/ hour<\/td><\/tr><tr><td valign=\"top\">electric cars rental 150,- CZK \/ hour (load capacity max. 30 kg)<\/td><\/tr><tr><td valign=\"top\">pedal cars rental 100,- CZK \/ hour<\/td><\/tr><tr><td valign=\"top\">rental of protective equipment is separate\u00a0<br \/>20,- CZK \/ hour<\/td><\/tr><\/tbody><\/table><p><b>Notice:<\/b><\/p><ul><li>replacement of carts for the same type and size only, otherwise a new full price for the rental is charged.<\/li><li>when returning a car earlier, the money is not refunded.<\/li><li>if you exceed 5 minutes of the rental time of carts, you will be charged the rental rate per hour.<\/li><\/ul><h2><b>Deposit:<\/b><\/h2><table border=\"1\" cellspacing=\"0\" cellpadding=\"0\"><tbody><tr><td valign=\"top\" width=\"614\"><p>The deposit for the rental will be charged when returning damaged equipment (greater than their normal amortization) or their loss:<\/p><ul><li>deposit for a separate helmet rent 100,- CZK<\/li><li>deposit for bike and pedal car rent including helmet 300,- CZK<\/li><li>deposit for the electric car rent 500,- CZK<\/li><\/ul><\/td><\/tr><\/tbody><\/table>\t\t\t\t\t\t\t\t<\/div>\n\t\t\t\t<\/div>\n\t\t\t\t\t<\/div>\n\t\t<\/div>\n\t\t\t\t\t<\/div>\n\t\t<\/section>\n\t\t\t\t<\/div>\n\t\t","protected":false},"excerpt":{"rendered":"<p>Vstupn\u00e9: 30,- K\u010d za osobu (1 \u2013 99 let) 1200,- K\u010d \/ hod. + p\u016fj\u010dovn\u00e9 skupina \u2013 organizovan\u00e1 v\u00fduka (pouze na objedn\u00e1n\u00ed) 3000,- K\u010d \/ 60 min. nat\u00e1\u010den\u00ed spot\u016f a \u017eurnalistick\u00e9 aktivity 700,- K\u010d \/ 45 min. M\u0160, Z\u0160 nez\u0159izovan\u00e9 M\u010c P9 (pouze na objedn\u00e1n\u00ed) Nat\u00e1\u010den\u00ed spot\u016f a \u017eurnalistick\u00e9 aktivity \u2013 pouze po dohod\u011b se z\u0159izovatelem. Upozorn\u011bn\u00ed: Jedna dosp\u011bl\u00e1 osoba (18-99 let) m\u016f\u017ee doprov\u00e1zet max. 4 d\u011bti, jinak se jedn\u00e1 o skupinu, tud\u00ed\u017e o organizovanou v\u00fduku. P\u016fj\u010dovn\u00e9: zap\u016fj\u010den\u00ed kola 30,- K\u010d \/ hod zap\u016fj\u010den\u00ed elektrick\u00fdch voz\u00edtek 150,- K\u010d \/ hod (nosnost max. 30 kg) zap\u016fj\u010den\u00ed \u0161lapac\u00edch voz\u00edtek 100,- K\u010d \/ hod zap\u016fj\u010den\u00ed ochrann\u00fdch pom\u016fcek samostatn\u011b 20,- K\u010d \/ hod Upozorn\u011bn\u00ed: v\u00fdm\u011bna voz\u00edtek pouze za shodn\u00fd typ a velikost, jinak se \u00fa\u010dtuje nov\u00e1 pln\u00e1 cena za zap\u016fj\u010den\u00ed. p\u0159i vr\u00e1cen\u00ed voz\u00edtek po krat\u0161\u00ed dob\u011b se pen\u00edze nevrac\u00ed. p\u0159i p\u0159ekro\u010den\u00ed nad 5 minut v\u00fdp\u016fj\u010dn\u00ed doby dopravn\u00edch prost\u0159edk\u016f bude \u00fa\u010dtov\u00e1na ve v\u00fd\u0161i p\u016fj\u010dovn\u00e9ho za&hellip;<\/p>\n<p> <a class=\"more-link\" href=\"https:\/\/www.dopravnihristeprosek.cz\/?page_id=24\">Read more<\/a><\/p>\n","protected":false},"author":1,"featured_media":0,"parent":0,"menu_order":0,"comment_status":"closed","ping_status":"closed","template":"","meta":{"footnotes":""},"class_list":["post-24","page","type-page","status-publish"],"_links":{"self":[{"href":"https:\/\/www.dopravnihristeprosek.cz\/index.php?rest_route=\/wp\/v2\/pages\/24","targetHints":{"allow":["GET"]}}],"collection":[{"href":"https:\/\/www.dopravnihristeprosek.cz\/index.php?rest_route=\/wp\/v2\/pages"}],"about":[{"href":"https:\/\/www.dopravnihristeprosek.cz\/index.php?rest_route=\/wp\/v2\/types\/page"}],"author":[{"embeddable":true,"href":"https:\/\/www.dopravnihristeprosek.cz\/index.php?rest_route=\/wp\/v2\/users\/1"}],"replies":[{"embeddable":true,"href":"https:\/\/www.dopravnihristeprosek.cz\/index.php?rest_route=%2Fwp%2Fv2%2Fcomments&post=24"}],"version-history":[{"count":27,"href":"https:\/\/www.dopravnihristeprosek.cz\/index.php?rest_route=\/wp\/v2\/pages\/24\/revisions"}],"predecessor-version":[{"id":1079,"href":"https:\/\/www.dopravnihristeprosek.cz\/index.php?rest_route=\/wp\/v2\/pages\/24\/revisions\/1079"}],"wp:attachment":[{"href":"https:\/\/www.dopravnihristeprosek.cz\/index.php?rest_route=%2Fwp%2Fv2%2Fmedia&parent=24"}],"curies":[{"name":"wp","href":"https:\/\/api.w.org\/{rel}","templated":true}]}}