{"id":26,"date":"2022-05-07T09:27:42","date_gmt":"2022-05-07T07:27:42","guid":{"rendered":"https:\/\/wp.dopravnihristeprosek.cz\/?page_id=26"},"modified":"2025-04-02T23:24:31","modified_gmt":"2025-04-02T21:24:31","slug":"navstevni-rad","status":"publish","type":"page","link":"https:\/\/www.dopravnihristeprosek.cz\/?page_id=26","title":{"rendered":"Provozn\u00ed \u0159\u00e1d"},"content":{"rendered":"<p><u>Upozorn\u011bn\u00ed pro n\u00e1v\u0161t\u011bvn\u00edky:<\/u><\/p>\n<ul>\n<li>Zaplacen\u00edm vstupn\u00e9ho n\u00e1v\u0161t\u011bvn\u00edk akceptuje provozn\u00ed \u0159\u00e1d<\/li>\n<li>DDH poskytuje prostor na p\u0159\u00edpravu d\u011bt\u00ed p\u0159ed vstupem do silni\u010dn\u00edho provozu. Mohou si na zmen\u0161en\u00fdch vozovk\u00e1ch vyzkou\u0161et aplikaci sv\u00fdch znalost\u00ed, a\u0165 ji\u017e na kolech, kolob\u011b\u017ek\u00e1ch eventu\u00e1ln\u011b na zap\u016fj\u010den\u00fdch el. voz\u00edtk\u00e1ch.<\/li>\n<li>Dosp\u011bl\u00e9 osoby jsou zde v roli mentor\u016f<\/li>\n<li>Za de\u0161t\u011b a p\u0159i mokr\u00fdch vozovk\u00e1ch je DDH zav\u0159eno!<\/li>\n<li>V p\u0159\u00edpad\u011b z\u00e1p\u016fj\u010dky je nutno slo\u017eit z\u00e1lohu. N\u00e1v\u0161t\u011bvn\u00edk obdr\u017e\u00ed \u017eeton s \u010d\u00edslem z\u00e1p\u016fj\u010dky. Po ukon\u010den\u00ed doby z\u00e1p\u016fj\u010dky a vr\u00e1cen\u00ed dopravn\u00edho prost\u0159edku \u010di p\u0159ilby bez z\u00e1va\u017en\u00e9ho po\u0161kozen\u00ed, dostane zp\u011bt z\u00e1lohu v pln\u00e9 v\u00fd\u0161i. V p\u0159\u00edpad\u011b po\u0161kozen\u00ed je spr\u00e1vce opr\u00e1vn\u011bn ur\u010dit stupe\u0148 po\u0161kozen\u00ed v\u011bci a stanovit p\u0159im\u011b\u0159enou n\u00e1hradu z vybran\u00e9 z\u00e1lohy.<\/li>\n<li>DDH mohou je ur\u010deno pro d\u011bti do 10-ti let, pokud je zabezpe\u010den\u00fd dozor dosp\u011bl\u00e9 osoby.<\/li>\n<li>Za d\u011bti nese v pln\u00e9m rozsahu odpov\u011bdnost dohl\u00ed\u017eej\u00edc\u00ed dosp\u011bl\u00e1 osoba.<\/li>\n<li>Jedna dosp\u011bl\u00e1 osoba m\u016f\u017ee dohl\u00ed\u017eet na max. 4 d\u011bti, jinak se jedn\u00e1 o skupinu, a tud\u00ed\u017e o organizovanou v\u00fduku.<\/li>\n<li>P\u0159i j\u00edzd\u011b na dopravn\u00edch prost\u0159edc\u00edch (kolob\u011b\u017eky, kola a el. voz\u00edtka) mus\u00ed b\u00fdt pou\u017e\u00edv\u00e1na schv\u00e1len\u00e1 ochrann\u00e1 p\u0159ilba.<\/li>\n<li>Na DDH je mo\u017enost zap\u016fj\u010den\u00ed dopravn\u00ed prost\u0159edk\u016f a ochrann\u00e9 p\u0159ilby, cen\u00edk a pravidla jsou dostupn\u00e1 na n\u00e1st\u011bnk\u00e1ch a na web str\u00e1nk\u00e1ch.<\/li>\n<li>P\u016fj\u010dovn\u00e9 se plat\u00ed za ka\u017edou zapo\u010datou hodinu dle cen\u00edku<\/li>\n<li>Ve\u0161ker\u00e9 platby pouze v hotovosti!<\/li>\n<li>P\u0159i z\u00e1p\u016fj\u010dce se dopravn\u00ed prost\u0159edek vyd\u00e1v\u00e1 podle re\u00e1ln\u00fdch dispozic a mo\u017enost\u00ed.<\/li>\n<li>N\u00e1v\u0161t\u011bvn\u00edk m\u016f\u017ee pou\u017e\u00edt vlastn\u00ed dopravn\u00ed prost\u0159edek (kola, kolob\u011b\u017eky, odr\u00e1\u017eedla a elektrick\u00e1 voz\u00edtka jejich\u017e rychlost nep\u0159ekra\u010duje 4 km\/h).<\/li>\n<li>Jezdit na DDH mohou pouze d\u011bti do 10-ti let!<\/li>\n<li>\u00da\u010dastn\u00edci provozu jsou povinni respektovat dopravn\u00ed zna\u010den\u00ed a dopravn\u00ed p\u0159edpisy.<\/li>\n<li>Semafory nemus\u00ed b\u00fdt spu\u0161t\u011bny po celou otev\u00edrac\u00ed dobu. V dob\u011b nefunk\u010dnosti d\u011bti jezd\u00ed podle dopravn\u00edch zna\u010dek.<\/li>\n<li>V hork\u00e9m po\u010das\u00ed m\u016f\u017ee b\u00fdt povrch hern\u00edch za\u0159\u00edzen\u00ed rozp\u00e1len na teplotu, p\u0159i n\u00ed\u017e hroz\u00ed v p\u0159\u00edpad\u011b doteku vznik pop\u00e1lenin. Dohl\u00ed\u017eej\u00edc\u00ed dosp\u011bl\u00e1 osoba je povinna teplotu za\u0159\u00edzen\u00ed p\u0159edem p\u0159ekontrolovat a p\u0159\u00edpadn\u011b vstup d\u00edt\u011bti zak\u00e1zat.<\/li>\n<li>N\u00e1v\u0161t\u011bvn\u00edk je povinen prok\u00e1zat se dokladem o zaplacen\u00ed vstupn\u00e9ho a p\u0159\u00edpadn\u011b p\u016fj\u010dovn\u00e9ho po celou dobu n\u00e1v\u0161t\u011bvy dopravn\u00edho h\u0159i\u0161t\u011b.<\/li>\n<li>Jednor\u00e1zov\u00e9 vstupn\u00e9 oprav\u0148uje k pobytu na DDH do zav\u00edrac\u00ed doby, nebo z\u00e1sahu vy\u0161\u0161\u00ed moci. P\u0159i opu\u0161t\u011bn\u00ed are\u00e1lu je nov\u00fd vstup zpoplatn\u011bn.<\/li>\n<li>Provozovatel neru\u010d\u00ed na DDH za p\u0159\u00edpadnou ztr\u00e1tu p\u0159edm\u011bt\u016f ve vlastnictv\u00ed u\u017eivatele, ulo\u017een\u00e9 na m\u00edst\u011b, kter\u00e9 k tomu nen\u00ed stanoven\u00e9.<\/li>\n<li>P\u0159i poru\u0161en\u00ed \u0159\u00e1du, nebo nevhodn\u00e9m chov\u00e1n\u00ed m\u016f\u017ee spr\u00e1vce osobu vyk\u00e1zat z DDH bez n\u00e1roku na vr\u00e1cen\u00ed vstupn\u00e9ho.<\/li>\n<li>Dodr\u017eovat p\u0159edpisy a pokyny k zaji\u0161t\u011bn\u00ed bezpe\u010dnosti ochrany zdrav\u00ed, z\u00e1sady bezpe\u010dn\u00e9ho chov\u00e1n\u00ed i v prostor\u00e1ch budovy.<\/li>\n<li>Chovat se tak, aby nezp\u016fsobil vznik po\u017e\u00e1ru.<\/li>\n<\/ul>\n<p><u>Na DDH plat\u00ed z\u00e1kaz:<\/u><\/p>\n<ul>\n<li>Po\u0161kozovat a zne\u010dis\u0165ovat prostory, za\u0159\u00edzen\u00ed a vybaven\u00ed.<\/li>\n<li>Vstupu se zv\u00ed\u0159aty.<\/li>\n<li>Kou\u0159en\u00ed, konzumace alkoholu a omamn\u00fdch l\u00e1tek.<\/li>\n<li>Manipulace s otev\u0159en\u00fdm ohn\u011bm.<\/li>\n<li>U\u017e\u00edv\u00e1n\u00ed za\u0159\u00edzen\u00ed, pokud je jeho povrch kluzk\u00fd, pop\u0159\u00edpad\u011b p\u0159i zji\u0161t\u011bn\u00ed z\u00e1vady.<\/li>\n<li>\u00damysln\u00e9ho nar\u00e1\u017een\u00ed do ostatn\u00edch dopravn\u00edch prost\u0159edk\u016f a t\u00edm jejich po\u0161kozov\u00e1n\u00ed.<\/li>\n<li>J\u00edzda dvou nebo v\u00edce osob na jednom dopravn\u00edm prost\u0159edku v\u010detn\u011b elektrick\u00fdch voz\u00edtek.<\/li>\n<li>P\u0159et\u011b\u017eov\u00e1n\u00ed el. voz\u00edtek nad stanoven\u00fd limit moto 15 kg, auto 30 kg.<\/li>\n<li>Vyv\u00e1\u017eet zap\u016fj\u010den\u00e9 dopravn\u00ed prost\u0159edky mimo DDH.<\/li>\n<li>P\u0159el\u00e9zat, nebo po\u0161kozovat oplocen\u00ed DDH.<\/li>\n<li>Lezen\u00ed na stromy a l\u00e1m\u00e1n\u00ed v\u011btv\u00ed.<\/li>\n<li>J\u00edzdy na kole\u010dkov\u00fdch brusl\u00edch, jednokolk\u00e1ch d\u00e1le pou\u017e\u00edvat k j\u00edzd\u011b skateboard, Longboard, Cruiser, Waveboarding, Segway a obdobn\u00fdch prost\u0159edc\u00edch.<\/li>\n<li>J\u00edzda na el. kolob\u011b\u017ek\u00e1ch jejich\u017e rychlost p\u0159ekra\u010duje 4 km\/h.<\/li>\n<\/ul>\n<p><u>N\u00e1v\u0161t\u011bvn\u00edk je povinen:<\/u><\/p>\n<ul>\n<li>Respektovat provozn\u00ed \u0159\u00e1d a p\u0159\u00edpadn\u00e9 pokyny spr\u00e1vce.<\/li>\n<li>Chovat se slu\u0161n\u011b a uk\u00e1zn\u011bn\u011b tak, aby neohro\u017eoval ostatn\u00ed ani s\u00e1m sebe.<\/li>\n<li>Udr\u017eovat \u010distotu.<\/li>\n<li>P\u0159\u00edpadn\u00fd \u00faraz hl\u00e1sit neprodlen\u011b person\u00e1lu DDH.<\/li>\n<\/ul>\n<p>Pokud se setk\u00e1te s\u00a0po\u0161kozov\u00e1n\u00edm zelen\u011b, nebo vybaven\u00ed h\u0159i\u0161t\u011b, \u010di n\u00e1lezem p\u0159edm\u011bt\u016f ohro\u017euj\u00edc\u00edch bezpe\u010dnost, oznamte to, pros\u00edm neprodlen\u011b person\u00e1lu DDH.<\/p>\n<p>D\u016fle\u017eit\u00e1 telefonn\u00ed \u010d\u00edsla:<\/p>\n<table border=\"1\">\n<tbody>\n<tr>\n<td valign=\"top\" width=\"250\">Spr\u00e1vce h\u0159i\u0161t\u011b (Karel Zelenka)<\/td>\n<td valign=\"top\" width=\"150\">(+420) 739 311 721<\/td>\n<\/tr>\n<tr>\n<td valign=\"top\" width=\"250\">Hasi\u010di<\/td>\n<td valign=\"top\" width=\"150\">150<\/td>\n<\/tr>\n<tr>\n<td valign=\"top\" width=\"250\">Policie<\/td>\n<td valign=\"top\" width=\"150\">158<\/td>\n<\/tr>\n<tr>\n<td valign=\"top\" width=\"250\">Z\u00e1chrann\u00e1 slu\u017eba<\/td>\n<td valign=\"top\" width=\"150\">155<\/td>\n<\/tr>\n<tr>\n<td valign=\"top\" width=\"250\">T\u00eds\u0148ov\u00e9 vol\u00e1n\u00ed\/SOS<\/td>\n<td valign=\"top\" width=\"150\">112<\/td>\n<\/tr>\n<tr>\n<td valign=\"top\" width=\"250\">M\u011bstsk\u00e1 policie<\/td>\n<td valign=\"top\" width=\"150\">156<\/td>\n<\/tr>\n<\/tbody>\n<\/table>\n","protected":false},"excerpt":{"rendered":"<p>Upozorn\u011bn\u00ed pro n\u00e1v\u0161t\u011bvn\u00edky: Zaplacen\u00edm vstupn\u00e9ho n\u00e1v\u0161t\u011bvn\u00edk akceptuje provozn\u00ed \u0159\u00e1d DDH poskytuje prostor na p\u0159\u00edpravu d\u011bt\u00ed p\u0159ed vstupem do silni\u010dn\u00edho provozu. Mohou si na zmen\u0161en\u00fdch vozovk\u00e1ch vyzkou\u0161et aplikaci sv\u00fdch znalost\u00ed, a\u0165 ji\u017e na kolech, kolob\u011b\u017ek\u00e1ch eventu\u00e1ln\u011b na zap\u016fj\u010den\u00fdch el. voz\u00edtk\u00e1ch. Dosp\u011bl\u00e9 osoby jsou zde v roli mentor\u016f Za de\u0161t\u011b a p\u0159i mokr\u00fdch vozovk\u00e1ch je DDH zav\u0159eno! V p\u0159\u00edpad\u011b z\u00e1p\u016fj\u010dky je nutno slo\u017eit z\u00e1lohu. N\u00e1v\u0161t\u011bvn\u00edk obdr\u017e\u00ed \u017eeton s \u010d\u00edslem z\u00e1p\u016fj\u010dky. Po ukon\u010den\u00ed doby z\u00e1p\u016fj\u010dky a vr\u00e1cen\u00ed dopravn\u00edho prost\u0159edku \u010di p\u0159ilby bez z\u00e1va\u017en\u00e9ho po\u0161kozen\u00ed, dostane zp\u011bt z\u00e1lohu v pln\u00e9 v\u00fd\u0161i. V p\u0159\u00edpad\u011b po\u0161kozen\u00ed je spr\u00e1vce opr\u00e1vn\u011bn ur\u010dit stupe\u0148 po\u0161kozen\u00ed v\u011bci a stanovit p\u0159im\u011b\u0159enou n\u00e1hradu z vybran\u00e9 z\u00e1lohy. DDH mohou je ur\u010deno pro d\u011bti do 10-ti let, pokud je zabezpe\u010den\u00fd dozor dosp\u011bl\u00e9 osoby. Za d\u011bti nese v pln\u00e9m rozsahu odpov\u011bdnost dohl\u00ed\u017eej\u00edc\u00ed dosp\u011bl\u00e1 osoba. Jedna dosp\u011bl\u00e1 osoba m\u016f\u017ee dohl\u00ed\u017eet na max. 4 d\u011bti, jinak se jedn\u00e1 o skupinu, a tud\u00ed\u017e o organizovanou v\u00fduku. P\u0159i j\u00edzd\u011b&hellip;<\/p>\n<p> <a class=\"more-link\" href=\"https:\/\/www.dopravnihristeprosek.cz\/?page_id=26\">Read more<\/a><\/p>\n","protected":false},"author":1,"featured_media":0,"parent":0,"menu_order":0,"comment_status":"closed","ping_status":"closed","template":"","meta":{"footnotes":""},"class_list":["post-26","page","type-page","status-publish"],"_links":{"self":[{"href":"https:\/\/www.dopravnihristeprosek.cz\/index.php?rest_route=\/wp\/v2\/pages\/26","targetHints":{"allow":["GET"]}}],"collection":[{"href":"https:\/\/www.dopravnihristeprosek.cz\/index.php?rest_route=\/wp\/v2\/pages"}],"about":[{"href":"https:\/\/www.dopravnihristeprosek.cz\/index.php?rest_route=\/wp\/v2\/types\/page"}],"author":[{"embeddable":true,"href":"https:\/\/www.dopravnihristeprosek.cz\/index.php?rest_route=\/wp\/v2\/users\/1"}],"replies":[{"embeddable":true,"href":"https:\/\/www.dopravnihristeprosek.cz\/index.php?rest_route=%2Fwp%2Fv2%2Fcomments&post=26"}],"version-history":[{"count":9,"href":"https:\/\/www.dopravnihristeprosek.cz\/index.php?rest_route=\/wp\/v2\/pages\/26\/revisions"}],"predecessor-version":[{"id":1088,"href":"https:\/\/www.dopravnihristeprosek.cz\/index.php?rest_route=\/wp\/v2\/pages\/26\/revisions\/1088"}],"wp:attachment":[{"href":"https:\/\/www.dopravnihristeprosek.cz\/index.php?rest_route=%2Fwp%2Fv2%2Fmedia&parent=26"}],"curies":[{"name":"wp","href":"https:\/\/api.w.org\/{rel}","templated":true}]}}